{"id":3280,"date":"2021-09-10T12:40:57","date_gmt":"2021-09-10T10:40:57","guid":{"rendered":"https:\/\/schood.net\/?page_id=3280"},"modified":"2021-09-15T14:33:24","modified_gmt":"2021-09-15T12:33:24","slug":"warum-schood","status":"publish","type":"page","link":"https:\/\/schood.net\/en\/warum-schood\/","title":{"rendered":"Why schood?"},"content":{"rendered":"<div class=\"vc_row wpb_row vc_row-fluid pergo-default bg-tra\"><div class=\"wpb_column vc_column_container vc_col-sm-12 bg-tra\"><div class=\"vc_column-inner\"><div class=\"wpb_wrapper\">\n\t<div class=\"wpb_text_column wpb_content_element\" >\n\t\t<div class=\"wpb_wrapper\">\n\t\t\t<h3 class=\" translation-block\">We are happy to show you why <span style=\"color: #00abe9\">schood<\/span> is the ideal solution:<\/h3>\n\n\t\t<\/div>\n\t<\/div>\n<\/div><\/div><\/div><\/div><div class=\"vc_row wpb_row vc_row-fluid pergo-default bg-tra\"><div class=\"wpb_column vc_column_container vc_col-sm-8 bg-tra\"><div class=\"vc_column-inner vc_custom_1631273170449\"><div class=\"wpb_wrapper\">\n\t<div class=\"wpb_text_column wpb_content_element\" >\n\t\t<div class=\"wpb_wrapper\">\n\t\t\t<ul>\n<li>\n<h5>100% DSGVO compliant<\/h5>\n<\/li>\n<li>\n<h5>Registration\/use without email or phone number<\/h5>\n<\/li>\n<li>\n<h5>exclusively encrypted communication<\/h5>\n<\/li>\n<li>\n<h5>Hosting in Germany<\/h5>\n<\/li>\n<li>\n<h5>ISO 27001:2013 certified data center<\/h5>\n<\/li>\n<li>\n<h5>no IT knowledge necessary<\/h5>\n<\/li>\n<li>\n<h5 class=\" translation-block\">AV Vertrag ( Art. 28 DSGVO ) \u2013<br>\r\nIhre Schule bleibt \u201eHerr\u201c \u00fcber die Daten<\/h5>\n<\/li>\n<li>\n<h5>No passing on of data to third parties<\/h5>\n<\/li>\n<\/ul>\n\n\t\t<\/div>\n\t<\/div>\n<\/div><\/div><\/div><div class=\"wpb_column vc_column_container vc_col-sm-4 bg-tra\"><div class=\"vc_column-inner\"><div class=\"wpb_wrapper\">\r\n\t<div  class=\"wpb_single_image wpb_content_element vc_align_left\">\r\n\t\t\r\n\t\t<figure class=\"wpb_wrapper vc_figure\">\r\n\t\t\t<div class=\"vc_single_image-wrapper   vc_box_border_grey\"><img loading=\"lazy\" decoding=\"async\" class=\"vc_single_image-img img-fluid\" width=\"202\" height=\"358\"  src=\"https:\/\/schood.net\/wp-content\/uploads\/2021\/07\/schood-app-home-3d.jpg\" alt=\"schood\" \/><\/div>\r\n\t\t<\/figure>\r\n\t<\/div>\r\n<\/div><\/div><\/div><\/div><div class=\"vc_row wpb_row vc_row-fluid pergo-default bg-tra\"><div class=\"wpb_column vc_column_container vc_col-sm-6 bg-tra\"><div class=\"vc_column-inner\"><div class=\"wpb_wrapper\">\r\n\t<div  class=\"wpb_single_image wpb_content_element vc_align_left\">\r\n\t\t\r\n\t\t<figure class=\"wpb_wrapper vc_figure\">\r\n\t\t\t<div class=\"vc_single_image-wrapper   vc_box_border_grey\"><img loading=\"lazy\" decoding=\"async\" class=\"vc_single_image-img img-fluid\" width=\"385\" height=\"435\"  src=\"https:\/\/schood.net\/wp-content\/uploads\/2021\/06\/schood-su-timetable.jpg\" alt=\"schood\" \/><\/div>\r\n\t\t<\/figure>\r\n\t<\/div>\r\n<\/div><\/div><\/div><div class=\"wpb_column vc_column_container vc_col-sm-6 bg-tra\"><div class=\"vc_column-inner vc_custom_1631273829217\"><div class=\"wpb_wrapper\">\n\t<div class=\"wpb_text_column wpb_content_element\" >\n\t\t<div class=\"wpb_wrapper\">\n\t\t\t<h5>schood is for<\/h5>\n<ul>\n<li>\n<h5 class=\" translation-block\">Your school<br>\n(no matter whether primary or secondary school)<\/h5>\n<\/li>\n<li>\n<h5>Your vocational school<\/h5>\n<\/li>\n<li>\n<h5>Your university<\/h5>\n<\/li>\n<li>\n<h5>Your kindergarten<\/h5>\n<\/li>\n<li>\n<h5>Your day care center<\/h5>\n<\/li>\n<\/ul>\n\n\t\t<\/div>\n\t<\/div>\n<\/div><\/div><\/div><\/div><div class=\"vc_row wpb_row vc_row-fluid pergo-default bg-tra\"><div class=\"wpb_column vc_column_container vc_col-sm-12 bg-tra\"><div class=\"vc_column-inner\"><div class=\"wpb_wrapper\">\n\t<div class=\"wpb_text_column wpb_content_element\" >\n\t\t<div class=\"wpb_wrapper\">\n\t\t\t<p><\/p>\n\n\t\t<\/div>\n\t<\/div>\n<\/div><\/div><\/div><\/div><section data-vc-full-width=\"true\" data-vc-full-width-init=\"false\" data-vc-parallax=\"1\" data-vc-parallax-image=\"https:\/\/schood.net\/wp-content\/uploads\/2021\/07\/main-videoconferencing.jpg\" data-opacity=\"1\" data-size=\"cover\" data-width=\"100%\" data-position=\"50% 0\" data-attachment=\"inherit\" class=\"vc_section wide-60 bg-dark white-color vc_section-has-fill vc_general vc_parallax vc_parallax-content-moving\"><div class=\"container\"><div class=\"vc_row wpb_row vc_row-fluid pergo-default bg-tra\"><div class=\"wpb_column vc_column_container vc_col-sm-12 bg-tra\"><div class=\"vc_column-inner\"><div class=\"wpb_wrapper\"><div class=\"row\" id=\"cta-2\">\r\n\t<div class=\"col-md-12\"> <!-- CALL TO ACTION TEXT -->\r\n\t\t<div class=\"cta-txt text-center\">\r\n\t\t\t<h2 class=\"h2-md animated\" data-animation=\"fadeInUp\" data-animation-delay=\"300\"> <!-- Title  -->\r\n\t\t\t   Start with <span class=''>schood<\/span> into the digital age today\t\t\t<\/h2>\r\n\t\t\t<p class=\"p-lg animated\" data-animation=\"fadeInUp\" data-animation-delay=\"400\"> <!-- Text -->\r\n\t\t\t   \t\t\t<\/p>\r\n\t\t\t<!-- HERO STORE BADGES -->\t\t\t\t\t\t\t\t\t\t\t\t\t\r\n\t\t\t<div class=\"stores-badge m-top-30 animated\" data-animation=\"fadeInUp\" data-animation-delay=\"500\">\r\n\t\t\t\t\t\t\t\t\t<a target=\"_self\" href=\"https:\/\/schood.net\/en\/kontakt\/\" title=\"Interested? Contact us\" class=\"btn btn-arrow tra-hover btn-default btn-md\"><span>Interested? Contact us<i class=\"fa fa-angle-double-right\"><\/i><\/span><\/a>\t\t\t\t\t\t\t\t\r\n\t\t\t<\/div>\t<!-- End Store Badges -->\r\n\r\n\t\t<\/div>\r\n\t<\/div>\t<!-- END CALL TO ACTION TEXT -->\r\n<\/div>\t <!-- End row -->\r\n\r\n\r\n<\/div><\/div><\/div><\/div><\/div><\/section><div class=\"vc_row-full-width vc_clearfix\"><\/div>","protected":false},"excerpt":{"rendered":"Gerne zeigen wir Ihnen, warum schood die ideale L\u00f6sung ist: 100% DSGVO-konform Anmeldung\/Nutzung ohne Email oder Rufnummer ausschlie\u00dflich verschl\u00fcsselte Kommunikation Hosting in Deutschland ISO 27001:2013 zertifiziertes Rechenzentrum keine IT-Kenntnisse n\u00f6tig AV Vertrag ( Art. 28 DSGVO ) - Ihre Schule...","protected":false},"author":1,"featured_media":0,"parent":0,"menu_order":0,"comment_status":"closed","ping_status":"closed","template":"","meta":{"footnotes":""},"yoast_head":"<!-- This site is optimized with the Yoast SEO plugin v22.4 - https:\/\/yoast.com\/wordpress\/plugins\/seo\/ -->\n<title>Warum schood? - schood.net<\/title>\n<meta name=\"robots\" content=\"index, follow, max-snippet:-1, max-image-preview:large, max-video-preview:-1\" \/>\n<link rel=\"canonical\" href=\"https:\/\/schood.net\/en\/warum-schood\/\" \/>\n<meta property=\"og:locale\" content=\"en_US\" \/>\n<meta property=\"og:type\" content=\"article\" \/>\n<meta property=\"og:title\" content=\"Warum schood? - schood.net\" \/>\n<meta property=\"og:url\" content=\"https:\/\/schood.net\/en\/warum-schood\/\" \/>\n<meta property=\"og:site_name\" content=\"schood.net\" \/>\n<meta property=\"article:publisher\" content=\"https:\/\/www.facebook.com\/schood.net\" \/>\n<meta property=\"article:modified_time\" content=\"2021-09-15T12:33:24+00:00\" \/>\n<meta property=\"og:image\" content=\"https:\/\/schood.net\/wp-content\/uploads\/2020\/09\/facebook.png\" \/>\n\t<meta property=\"og:image:width\" content=\"1200\" \/>\n\t<meta property=\"og:image:height\" content=\"628\" \/>\n\t<meta property=\"og:image:type\" content=\"image\/png\" \/>\n<meta name=\"twitter:card\" content=\"summary_large_image\" \/>\n<meta name=\"twitter:site\" content=\"@schood_net\" \/>\n<meta name=\"twitter:label1\" content=\"Est. reading time\" \/>\n\t<meta name=\"twitter:data1\" content=\"1 minute\" \/>\n<script type=\"application\/ld+json\" class=\"yoast-schema-graph\">{\"@context\":\"https:\/\/schema.org\",\"@graph\":[{\"@type\":\"WebPage\",\"@id\":\"https:\/\/schood.net\/warum-schood\/\",\"url\":\"https:\/\/schood.net\/warum-schood\/\",\"name\":\"Warum schood? - schood.net\",\"isPartOf\":{\"@id\":\"https:\/\/schood.net\/#website\"},\"datePublished\":\"2021-09-10T10:40:57+00:00\",\"dateModified\":\"2021-09-15T12:33:24+00:00\",\"breadcrumb\":{\"@id\":\"https:\/\/schood.net\/warum-schood\/#breadcrumb\"},\"inLanguage\":\"en-US\",\"potentialAction\":[{\"@type\":\"ReadAction\",\"target\":[\"https:\/\/schood.net\/warum-schood\/\"]}]},{\"@type\":\"BreadcrumbList\",\"@id\":\"https:\/\/schood.net\/warum-schood\/#breadcrumb\",\"itemListElement\":[{\"@type\":\"ListItem\",\"position\":1,\"name\":\"Startseite\",\"item\":\"https:\/\/schood.net\/\"},{\"@type\":\"ListItem\",\"position\":2,\"name\":\"Warum schood?\"}]},{\"@type\":\"WebSite\",\"@id\":\"https:\/\/schood.net\/#website\",\"url\":\"https:\/\/schood.net\/\",\"name\":\"schood.net\",\"description\":\"Steck&#039; die Schule in Deine Hosentasche\",\"publisher\":{\"@id\":\"https:\/\/schood.net\/#organization\"},\"potentialAction\":[{\"@type\":\"SearchAction\",\"target\":{\"@type\":\"EntryPoint\",\"urlTemplate\":\"https:\/\/schood.net\/?s={search_term_string}\"},\"query-input\":\"required name=search_term_string\"}],\"inLanguage\":\"en-US\"},{\"@type\":\"Organization\",\"@id\":\"https:\/\/schood.net\/#organization\",\"name\":\"schood UG (haftungsbeschr\u00e4nkt)\",\"url\":\"https:\/\/schood.net\/\",\"logo\":{\"@type\":\"ImageObject\",\"inLanguage\":\"en-US\",\"@id\":\"https:\/\/schood.net\/#\/schema\/logo\/image\/\",\"url\":\"https:\/\/schood.net\/wp-content\/uploads\/2020\/09\/logo.png\",\"contentUrl\":\"https:\/\/schood.net\/wp-content\/uploads\/2020\/09\/logo.png\",\"width\":329,\"height\":100,\"caption\":\"schood UG (haftungsbeschr\u00e4nkt)\"},\"image\":{\"@id\":\"https:\/\/schood.net\/#\/schema\/logo\/image\/\"},\"sameAs\":[\"https:\/\/www.facebook.com\/schood.net\",\"https:\/\/twitter.com\/schood_net\"]}]}<\/script>\n<!-- \/ Yoast SEO plugin. -->","yoast_head_json":{"title":"Warum schood? - schood.net","robots":{"index":"index","follow":"follow","max-snippet":"max-snippet:-1","max-image-preview":"max-image-preview:large","max-video-preview":"max-video-preview:-1"},"canonical":"https:\/\/schood.net\/en\/warum-schood\/","og_locale":"en_US","og_type":"article","og_title":"Warum schood? - schood.net","og_url":"https:\/\/schood.net\/en\/warum-schood\/","og_site_name":"schood.net","article_publisher":"https:\/\/www.facebook.com\/schood.net","article_modified_time":"2021-09-15T12:33:24+00:00","og_image":[{"width":1200,"height":628,"url":"https:\/\/schood.net\/wp-content\/uploads\/2020\/09\/facebook.png","type":"image\/png"}],"twitter_card":"summary_large_image","twitter_site":"@schood_net","twitter_misc":{"Est. reading time":"1 minute"},"schema":{"@context":"https:\/\/schema.org","@graph":[{"@type":"WebPage","@id":"https:\/\/schood.net\/warum-schood\/","url":"https:\/\/schood.net\/warum-schood\/","name":"Warum schood? - schood.net","isPartOf":{"@id":"https:\/\/schood.net\/#website"},"datePublished":"2021-09-10T10:40:57+00:00","dateModified":"2021-09-15T12:33:24+00:00","breadcrumb":{"@id":"https:\/\/schood.net\/warum-schood\/#breadcrumb"},"inLanguage":"en-US","potentialAction":[{"@type":"ReadAction","target":["https:\/\/schood.net\/warum-schood\/"]}]},{"@type":"BreadcrumbList","@id":"https:\/\/schood.net\/warum-schood\/#breadcrumb","itemListElement":[{"@type":"ListItem","position":1,"name":"Startseite","item":"https:\/\/schood.net\/"},{"@type":"ListItem","position":2,"name":"Warum schood?"}]},{"@type":"WebSite","@id":"https:\/\/schood.net\/#website","url":"https:\/\/schood.net\/","name":"schood.net","description":"Steck&#039; die Schule in Deine Hosentasche","publisher":{"@id":"https:\/\/schood.net\/#organization"},"potentialAction":[{"@type":"SearchAction","target":{"@type":"EntryPoint","urlTemplate":"https:\/\/schood.net\/?s={search_term_string}"},"query-input":"required name=search_term_string"}],"inLanguage":"en-US"},{"@type":"Organization","@id":"https:\/\/schood.net\/#organization","name":"schood UG (haftungsbeschr\u00e4nkt)","url":"https:\/\/schood.net\/","logo":{"@type":"ImageObject","inLanguage":"en-US","@id":"https:\/\/schood.net\/#\/schema\/logo\/image\/","url":"https:\/\/schood.net\/wp-content\/uploads\/2020\/09\/logo.png","contentUrl":"https:\/\/schood.net\/wp-content\/uploads\/2020\/09\/logo.png","width":329,"height":100,"caption":"schood UG (haftungsbeschr\u00e4nkt)"},"image":{"@id":"https:\/\/schood.net\/#\/schema\/logo\/image\/"},"sameAs":["https:\/\/www.facebook.com\/schood.net","https:\/\/twitter.com\/schood_net"]}]}},"_links":{"self":[{"href":"https:\/\/schood.net\/en\/wp-json\/wp\/v2\/pages\/3280"}],"collection":[{"href":"https:\/\/schood.net\/en\/wp-json\/wp\/v2\/pages"}],"about":[{"href":"https:\/\/schood.net\/en\/wp-json\/wp\/v2\/types\/page"}],"author":[{"embeddable":true,"href":"https:\/\/schood.net\/en\/wp-json\/wp\/v2\/users\/1"}],"replies":[{"embeddable":true,"href":"https:\/\/schood.net\/en\/wp-json\/wp\/v2\/comments?post=3280"}],"version-history":[{"count":36,"href":"https:\/\/schood.net\/en\/wp-json\/wp\/v2\/pages\/3280\/revisions"}],"predecessor-version":[{"id":3321,"href":"https:\/\/schood.net\/en\/wp-json\/wp\/v2\/pages\/3280\/revisions\/3321"}],"wp:attachment":[{"href":"https:\/\/schood.net\/en\/wp-json\/wp\/v2\/media?parent=3280"}],"curies":[{"name":"wp","href":"https:\/\/api.w.org\/{rel}","templated":true}]}}