{"id":3077,"date":"2021-08-22T18:26:58","date_gmt":"2021-08-22T16:26:58","guid":{"rendered":"https:\/\/schood.net\/?page_id=3077"},"modified":"2022-03-01T16:36:14","modified_gmt":"2022-03-01T15:36:14","slug":"funktionsuebersicht","status":"publish","type":"page","link":"https:\/\/schood.net\/en\/funktionsuebersicht\/","title":{"rendered":"Function overview"},"content":{"rendered":"<div class=\"vc_row wpb_row vc_row-fluid pergo-default bg-tra\"><div class=\"wpb_column vc_column_container vc_col-sm-12 bg-tra\"><div class=\"vc_column-inner\"><div class=\"wpb_wrapper\">\n\t<div class=\"wpb_text_column wpb_content_element\" >\n\t\t<div class=\"wpb_wrapper\">\n\t\t\t<h3><span style=\"color: #00abe9;\">schood<\/span> ist als Basic Variante kostenfrei verf\u00fcgbar.<\/h3>\n<h3>Free means: no setup fees, no basic fee, no annual fee - no ifs, ands or buts!<\/h3>\n\n\t\t<\/div>\n\t<\/div>\n<div class=\"vc_empty_space\"   style=\"height: 50px\"><span class=\"vc_empty_space_inner\"><\/span><\/div>\n\t<div class=\"wpb_text_column wpb_content_element\" >\n\t\t<div class=\"wpb_wrapper\">\n\t\t\t<h3 style=\"text-align: center;\">Function overview<\/h3>\n\n\t\t<\/div>\n\t<\/div>\n<\/div><\/div><\/div><\/div><div class=\"vc_row wpb_row vc_row-fluid pergo-default bg-tra\"><div class=\"wpb_column vc_column_container vc_col-sm-12 bg-tra\"><div class=\"vc_column-inner\"><div class=\"wpb_wrapper\">\n\t<div class=\"wpb_raw_code wpb_content_element wpb_raw_html\" >\n\t\t<div class=\"wpb_wrapper\">\n\t\t\t<table style=\"width: 100%;\">\n<thead>\n<tr>\n<th style=\"width: 64%; text-transform: uppercase; font-family: Montserrat; font-weight: bold; font-size: 1.55rem;\"><\/th>\n<th style=\"width: 18%; background-color: #00abe9; text-align: center; color: #ffffff; text-transform: uppercase; font-family: Montserrat; font-weight: bold; font-size: 1.55rem;\">Basic<\/th>\n<th style=\"width: 18%; background-color: #00abe9; text-align: center; color: #ffffff; text-transform: uppercase; font-family: Montserrat; font-weight: bold; font-size: 1.55rem;\">Pro<\/th>\n<\/tr>\n<\/thead>\n<tbody>\n<tr>\n<td style=\"font-weight:400;font-size:1.2rem;padding-top:22px;\">Timetable<\/td>\n<td style=\"text-align: center;\"><svg xmlns=\"http:\/\/www.w3.org\/2000\/svg\" style=\"width:40px;height:40px;color:#00abe9\" fill=\"none\" viewbox=\"0 0 24 24\" stroke=\"currentColor\">\n  <path stroke-linecap=\"round\" stroke-linejoin=\"round\" stroke-width=\"2\" d=\"M5 13l4 4L19 7\" \/>\n<\/svg><\/td>\n<td style=\"text-align: center;\"><svg xmlns=\"http:\/\/www.w3.org\/2000\/svg\" style=\"width:40px;height:40px;color:#00abe9\" fill=\"none\" viewbox=\"0 0 24 24\" stroke=\"currentColor\">\n  <path stroke-linecap=\"round\" stroke-linejoin=\"round\" stroke-width=\"2\" d=\"M5 13l4 4L19 7\" \/>\n<\/svg><\/td>\n<\/tr>\n<tr>\n<td style=\"font-weight:400;font-size:1.2rem;padding-top:22px;\">Groups<\/td>\n<td style=\"text-align: center;\"><svg xmlns=\"http:\/\/www.w3.org\/2000\/svg\" style=\"width:40px;height:40px;color:#00abe9\" fill=\"none\" viewbox=\"0 0 24 24\" stroke=\"currentColor\">\n  <path stroke-linecap=\"round\" stroke-linejoin=\"round\" stroke-width=\"2\" d=\"M5 13l4 4L19 7\" \/>\n<\/svg><\/td>\n<td style=\"text-align: center;\"><svg xmlns=\"http:\/\/www.w3.org\/2000\/svg\" style=\"width:40px;height:40px;color:#00abe9\" fill=\"none\" viewbox=\"0 0 24 24\" stroke=\"currentColor\">\n  <path stroke-linecap=\"round\" stroke-linejoin=\"round\" stroke-width=\"2\" d=\"M5 13l4 4L19 7\" \/>\n<\/svg><\/td>\n<\/tr>\n<tr>\n<td style=\"font-weight:400;font-size:1.2rem;padding-top:22px;\">Messenger<\/td>\n<td style=\"text-align: center;\"><svg xmlns=\"http:\/\/www.w3.org\/2000\/svg\" style=\"width:40px;height:40px;color:#00abe9\" fill=\"none\" viewbox=\"0 0 24 24\" stroke=\"currentColor\">\n  <path stroke-linecap=\"round\" stroke-linejoin=\"round\" stroke-width=\"2\" d=\"M5 13l4 4L19 7\" \/>\n<\/svg><\/td>\n<td style=\"text-align: center;\"><svg xmlns=\"http:\/\/www.w3.org\/2000\/svg\" style=\"width:40px;height:40px;color:#00abe9\" fill=\"none\" viewbox=\"0 0 24 24\" stroke=\"currentColor\">\n  <path stroke-linecap=\"round\" stroke-linejoin=\"round\" stroke-width=\"2\" d=\"M5 13l4 4L19 7\" \/>\n<\/svg><\/td>\n<\/tr>\n<tr>\n<td style=\"font-weight:400;font-size:1.2rem;padding-top:22px;\">Substitution plan<\/td>\n<td style=\"text-align: center;\"><\/td>\n<td style=\"text-align: center;\"><svg xmlns=\"http:\/\/www.w3.org\/2000\/svg\" style=\"width:40px;height:40px;color:#00abe9\" fill=\"none\" viewbox=\"0 0 24 24\" stroke=\"currentColor\">\n  <path stroke-linecap=\"round\" stroke-linejoin=\"round\" stroke-width=\"2\" d=\"M5 13l4 4L19 7\" \/>\n<\/svg><\/td>\n<\/tr>\n<tr>\n<td style=\"font-weight:400;font-size:1.2rem;padding-top:22px;\">News<\/td>\n<td style=\"text-align: center;\"><\/td>\n<td style=\"text-align: center;\"><svg xmlns=\"http:\/\/www.w3.org\/2000\/svg\" style=\"width:40px;height:40px;color:#00abe9\" fill=\"none\" viewbox=\"0 0 24 24\" stroke=\"currentColor\">\n  <path stroke-linecap=\"round\" stroke-linejoin=\"round\" stroke-width=\"2\" d=\"M5 13l4 4L19 7\" \/>\n<\/svg><\/td>\n<\/tr>\n<tr>\n<td style=\"font-weight:400;font-size:1.2rem;padding-top:22px;\">Class book<\/td>\n<td style=\"text-align: center;\"><\/td>\n<td style=\"text-align: center;\"><svg xmlns=\"http:\/\/www.w3.org\/2000\/svg\" style=\"width:40px;height:40px;color:#00abe9\" fill=\"none\" viewbox=\"0 0 24 24\" stroke=\"currentColor\">\n  <path stroke-linecap=\"round\" stroke-linejoin=\"round\" stroke-width=\"2\" d=\"M5 13l4 4L19 7\" \/>\n<\/svg><\/td>\n<\/tr>\n<tr>\n<td style=\"font-weight:400;font-size:1.2rem;padding-top:22px;\">Parental letters<\/td>\n<td style=\"text-align: center;\"><\/td>\n<td style=\"text-align: center;\"><svg xmlns=\"http:\/\/www.w3.org\/2000\/svg\" style=\"width:40px;height:40px;color:#00abe9\" fill=\"none\" viewbox=\"0 0 24 24\" stroke=\"currentColor\">\n  <path stroke-linecap=\"round\" stroke-linejoin=\"round\" stroke-width=\"2\" d=\"M5 13l4 4L19 7\" \/>\n<\/svg><\/td>\n<\/tr>\n<tr>\n<td style=\"font-weight:400;font-size:1.2rem;padding-top:22px;\">Homework<\/td>\n<td style=\"text-align: center;\"><\/td>\n<td style=\"text-align: center;\"><svg xmlns=\"http:\/\/www.w3.org\/2000\/svg\" style=\"width:40px;height:40px;color:#00abe9\" fill=\"none\" viewbox=\"0 0 24 24\" stroke=\"currentColor\">\n  <path stroke-linecap=\"round\" stroke-linejoin=\"round\" stroke-width=\"2\" d=\"M5 13l4 4L19 7\" \/>\n<\/svg><\/td>\n<\/tr>\n<tr>\n<td style=\"font-weight:400;font-size:1.2rem;padding-top:22px;\">Calendar<\/td>\n<td style=\"text-align: center;\"><\/td>\n<td style=\"text-align: center;\"><svg xmlns=\"http:\/\/www.w3.org\/2000\/svg\" style=\"width:40px;height:40px;color:#00abe9\" fill=\"none\" viewbox=\"0 0 24 24\" stroke=\"currentColor\">\n  <path stroke-linecap=\"round\" stroke-linejoin=\"round\" stroke-width=\"2\" d=\"M5 13l4 4L19 7\" \/>\n<\/svg><\/td>\n<\/tr>\n<tr>\n<td style=\"font-weight:400;font-size:1.2rem;padding-top:22px;\">Cloud<\/td>\n<td style=\"text-align: center;\"><\/td>\n<td style=\"text-align: center;\"><svg xmlns=\"http:\/\/www.w3.org\/2000\/svg\" style=\"width:40px;height:40px;color:#00abe9\" fill=\"none\" viewbox=\"0 0 24 24\" stroke=\"currentColor\">\n  <path stroke-linecap=\"round\" stroke-linejoin=\"round\" stroke-width=\"2\" d=\"M5 13l4 4L19 7\" \/>\n<\/svg><\/td>\n<\/tr>\n<tr>\n<td style=\"font-weight:400;font-size:1.2rem;padding-top:22px;\">Sick note<\/td>\n<td style=\"text-align: center;\"><\/td>\n<td style=\"text-align: center;\"><svg xmlns=\"http:\/\/www.w3.org\/2000\/svg\" style=\"width:40px;height:40px;color:#00abe9\" fill=\"none\" viewbox=\"0 0 24 24\" stroke=\"currentColor\">\n  <path stroke-linecap=\"round\" stroke-linejoin=\"round\" stroke-width=\"2\" d=\"M5 13l4 4L19 7\" \/>\n<\/svg><\/td>\n<\/tr>\n<tr>\n<td colspan=\"2\" style=\"text-align: right;\" class=\"btn-callme\"><a href=\"https:\/\/schood.net\/en\/schood-basic\/\" class=\"nav-link\" style=\"display:inline-block\">Start for free now<\/a><\/td>\n<td style=\"text-align: center;\" class=\"btn-callme\"><a href=\"https:\/\/schood.net\/en\/kontakt\/\" class=\"nav-link\">Contact<\/a><\/td>\n<\/tr>\n<\/tbody>\n<\/table>\n\t\t<\/div>\n\t<\/div>\n<\/div><\/div><\/div><\/div><div class=\"vc_row wpb_row vc_row-fluid pergo-default bg-tra\"><div class=\"wpb_column vc_column_container vc_col-sm-12 bg-tra\"><div class=\"vc_column-inner\"><div class=\"wpb_wrapper\">\n\t<div class=\"wpb_text_column wpb_content_element\" >\n\t\t<div class=\"wpb_wrapper\">\n\t\t\t<p>Alle <span style=\"color: #00abe9;\"><strong>schood<\/strong><\/span> Varianten beinhalten selbstverst\u00e4ndlich die Mobile Apps, sowie die Web Apps &#8211; egal ob Basic oder Pro Version.<\/p>\n\n\t\t<\/div>\n\t<\/div>\n<\/div><\/div><\/div><\/div>","protected":false},"excerpt":{"rendered":"schood ist als Basic Variante kostenfrei verf\u00fcgbar. Kostenfrei bedeutet: Keine Einrichtungsgeb\u00fchren, keine Grundgeb\u00fchr, keine Jahresgeb\u00fchr - ohne wenn und aber! Funktions\u00fcbersicht Basic Pro Stundenplan Gruppen Messenger Vertretungsplan Aktuelles Klassenbuch Elternbriefe Hausaufgaben Kalender Cloud Krankmeldung Jetzt kostenlos starten Kontakt Alle schood...","protected":false},"author":1,"featured_media":0,"parent":0,"menu_order":0,"comment_status":"closed","ping_status":"closed","template":"","meta":{"footnotes":""},"yoast_head":"<!-- This site is optimized with the Yoast SEO plugin v22.4 - https:\/\/yoast.com\/wordpress\/plugins\/seo\/ -->\n<title>Funktions\u00fcbersicht - schood.net<\/title>\n<meta name=\"robots\" content=\"index, follow, max-snippet:-1, max-image-preview:large, max-video-preview:-1\" \/>\n<link rel=\"canonical\" href=\"https:\/\/schood.net\/en\/funktionsuebersicht\/\" \/>\n<meta property=\"og:locale\" content=\"en_US\" \/>\n<meta property=\"og:type\" content=\"article\" \/>\n<meta property=\"og:title\" content=\"Funktions\u00fcbersicht - schood.net\" \/>\n<meta property=\"og:url\" content=\"https:\/\/schood.net\/en\/funktionsuebersicht\/\" \/>\n<meta property=\"og:site_name\" content=\"schood.net\" \/>\n<meta property=\"article:publisher\" content=\"https:\/\/www.facebook.com\/schood.net\" \/>\n<meta property=\"article:modified_time\" content=\"2022-03-01T15:36:14+00:00\" \/>\n<meta property=\"og:image\" content=\"https:\/\/schood.net\/wp-content\/uploads\/2020\/09\/facebook.png\" \/>\n\t<meta property=\"og:image:width\" content=\"1200\" \/>\n\t<meta property=\"og:image:height\" content=\"628\" \/>\n\t<meta property=\"og:image:type\" content=\"image\/png\" \/>\n<meta name=\"twitter:card\" content=\"summary_large_image\" \/>\n<meta name=\"twitter:site\" content=\"@schood_net\" \/>\n<meta name=\"twitter:label1\" content=\"Est. reading time\" \/>\n\t<meta name=\"twitter:data1\" content=\"1 minute\" \/>\n<script type=\"application\/ld+json\" class=\"yoast-schema-graph\">{\"@context\":\"https:\/\/schema.org\",\"@graph\":[{\"@type\":\"WebPage\",\"@id\":\"https:\/\/schood.net\/funktionsuebersicht\/\",\"url\":\"https:\/\/schood.net\/funktionsuebersicht\/\",\"name\":\"Funktions\u00fcbersicht - schood.net\",\"isPartOf\":{\"@id\":\"https:\/\/schood.net\/#website\"},\"datePublished\":\"2021-08-22T16:26:58+00:00\",\"dateModified\":\"2022-03-01T15:36:14+00:00\",\"breadcrumb\":{\"@id\":\"https:\/\/schood.net\/funktionsuebersicht\/#breadcrumb\"},\"inLanguage\":\"en-US\",\"potentialAction\":[{\"@type\":\"ReadAction\",\"target\":[\"https:\/\/schood.net\/funktionsuebersicht\/\"]}]},{\"@type\":\"BreadcrumbList\",\"@id\":\"https:\/\/schood.net\/funktionsuebersicht\/#breadcrumb\",\"itemListElement\":[{\"@type\":\"ListItem\",\"position\":1,\"name\":\"Startseite\",\"item\":\"https:\/\/schood.net\/\"},{\"@type\":\"ListItem\",\"position\":2,\"name\":\"Funktions\u00fcbersicht\"}]},{\"@type\":\"WebSite\",\"@id\":\"https:\/\/schood.net\/#website\",\"url\":\"https:\/\/schood.net\/\",\"name\":\"schood.net\",\"description\":\"Steck&#039; die Schule in Deine Hosentasche\",\"publisher\":{\"@id\":\"https:\/\/schood.net\/#organization\"},\"potentialAction\":[{\"@type\":\"SearchAction\",\"target\":{\"@type\":\"EntryPoint\",\"urlTemplate\":\"https:\/\/schood.net\/?s={search_term_string}\"},\"query-input\":\"required name=search_term_string\"}],\"inLanguage\":\"en-US\"},{\"@type\":\"Organization\",\"@id\":\"https:\/\/schood.net\/#organization\",\"name\":\"schood UG (haftungsbeschr\u00e4nkt)\",\"url\":\"https:\/\/schood.net\/\",\"logo\":{\"@type\":\"ImageObject\",\"inLanguage\":\"en-US\",\"@id\":\"https:\/\/schood.net\/#\/schema\/logo\/image\/\",\"url\":\"https:\/\/schood.net\/wp-content\/uploads\/2020\/09\/logo.png\",\"contentUrl\":\"https:\/\/schood.net\/wp-content\/uploads\/2020\/09\/logo.png\",\"width\":329,\"height\":100,\"caption\":\"schood UG (haftungsbeschr\u00e4nkt)\"},\"image\":{\"@id\":\"https:\/\/schood.net\/#\/schema\/logo\/image\/\"},\"sameAs\":[\"https:\/\/www.facebook.com\/schood.net\",\"https:\/\/twitter.com\/schood_net\"]}]}<\/script>\n<!-- \/ Yoast SEO plugin. -->","yoast_head_json":{"title":"Funktions\u00fcbersicht - schood.net","robots":{"index":"index","follow":"follow","max-snippet":"max-snippet:-1","max-image-preview":"max-image-preview:large","max-video-preview":"max-video-preview:-1"},"canonical":"https:\/\/schood.net\/en\/funktionsuebersicht\/","og_locale":"en_US","og_type":"article","og_title":"Funktions\u00fcbersicht - schood.net","og_url":"https:\/\/schood.net\/en\/funktionsuebersicht\/","og_site_name":"schood.net","article_publisher":"https:\/\/www.facebook.com\/schood.net","article_modified_time":"2022-03-01T15:36:14+00:00","og_image":[{"width":1200,"height":628,"url":"https:\/\/schood.net\/wp-content\/uploads\/2020\/09\/facebook.png","type":"image\/png"}],"twitter_card":"summary_large_image","twitter_site":"@schood_net","twitter_misc":{"Est. reading time":"1 minute"},"schema":{"@context":"https:\/\/schema.org","@graph":[{"@type":"WebPage","@id":"https:\/\/schood.net\/funktionsuebersicht\/","url":"https:\/\/schood.net\/funktionsuebersicht\/","name":"Funktions\u00fcbersicht - schood.net","isPartOf":{"@id":"https:\/\/schood.net\/#website"},"datePublished":"2021-08-22T16:26:58+00:00","dateModified":"2022-03-01T15:36:14+00:00","breadcrumb":{"@id":"https:\/\/schood.net\/funktionsuebersicht\/#breadcrumb"},"inLanguage":"en-US","potentialAction":[{"@type":"ReadAction","target":["https:\/\/schood.net\/funktionsuebersicht\/"]}]},{"@type":"BreadcrumbList","@id":"https:\/\/schood.net\/funktionsuebersicht\/#breadcrumb","itemListElement":[{"@type":"ListItem","position":1,"name":"Startseite","item":"https:\/\/schood.net\/"},{"@type":"ListItem","position":2,"name":"Funktions\u00fcbersicht"}]},{"@type":"WebSite","@id":"https:\/\/schood.net\/#website","url":"https:\/\/schood.net\/","name":"schood.net","description":"Steck&#039; die Schule in Deine Hosentasche","publisher":{"@id":"https:\/\/schood.net\/#organization"},"potentialAction":[{"@type":"SearchAction","target":{"@type":"EntryPoint","urlTemplate":"https:\/\/schood.net\/?s={search_term_string}"},"query-input":"required name=search_term_string"}],"inLanguage":"en-US"},{"@type":"Organization","@id":"https:\/\/schood.net\/#organization","name":"schood UG (haftungsbeschr\u00e4nkt)","url":"https:\/\/schood.net\/","logo":{"@type":"ImageObject","inLanguage":"en-US","@id":"https:\/\/schood.net\/#\/schema\/logo\/image\/","url":"https:\/\/schood.net\/wp-content\/uploads\/2020\/09\/logo.png","contentUrl":"https:\/\/schood.net\/wp-content\/uploads\/2020\/09\/logo.png","width":329,"height":100,"caption":"schood UG (haftungsbeschr\u00e4nkt)"},"image":{"@id":"https:\/\/schood.net\/#\/schema\/logo\/image\/"},"sameAs":["https:\/\/www.facebook.com\/schood.net","https:\/\/twitter.com\/schood_net"]}]}},"_links":{"self":[{"href":"https:\/\/schood.net\/en\/wp-json\/wp\/v2\/pages\/3077"}],"collection":[{"href":"https:\/\/schood.net\/en\/wp-json\/wp\/v2\/pages"}],"about":[{"href":"https:\/\/schood.net\/en\/wp-json\/wp\/v2\/types\/page"}],"author":[{"embeddable":true,"href":"https:\/\/schood.net\/en\/wp-json\/wp\/v2\/users\/1"}],"replies":[{"embeddable":true,"href":"https:\/\/schood.net\/en\/wp-json\/wp\/v2\/comments?post=3077"}],"version-history":[{"count":82,"href":"https:\/\/schood.net\/en\/wp-json\/wp\/v2\/pages\/3077\/revisions"}],"predecessor-version":[{"id":3435,"href":"https:\/\/schood.net\/en\/wp-json\/wp\/v2\/pages\/3077\/revisions\/3435"}],"wp:attachment":[{"href":"https:\/\/schood.net\/en\/wp-json\/wp\/v2\/media?parent=3077"}],"curies":[{"name":"wp","href":"https:\/\/api.w.org\/{rel}","templated":true}]}}