{"id":2905,"date":"2021-07-02T17:40:09","date_gmt":"2021-07-02T15:40:09","guid":{"rendered":"https:\/\/beta.schood.net\/?page_id=2905"},"modified":"2021-07-15T10:28:39","modified_gmt":"2021-07-15T08:28:39","slug":"schood-docs","status":"publish","type":"page","link":"https:\/\/schood.net\/en\/schood-docs\/","title":{"rendered":"schood docs"},"content":{"rendered":"<div class=\"vc_row wpb_row vc_row-fluid pergo-default bg-tra\"><div class=\"wpb_column vc_column_container vc_col-sm-8 bg-tra\"><div class=\"vc_column-inner\"><div class=\"wpb_wrapper\">\n\t<div class=\"wpb_text_column wpb_content_element\" >\n\t\t<div class=\"wpb_wrapper\">\n\t\t\t<h4>schood docs is available free of charge to students and teachers - the institution does not need to be a schood customer.<\/h4>\n<p>&nbsp;<\/p>\n<p>With schood docs you can work live on documents. I.e. schood docs is an environmentally friendly and resource-saving blackboard alternative - students see every change immediately, video and audio can be switched on.<\/p>\n<ul>\n<li>Completely free of charge<\/li>\n<li>Without registration<\/li>\n<li>100% DSGVO compliant<\/li>\n<li>Hosted in Germany<\/li>\n<\/ul>\n<p><strong>Functions:<\/strong><\/p>\n<ul>\n<li>Live editing of documents (each edit is shown live to all users)<\/li>\n<li>Video and audio transmission can be activated<\/li>\n<li>Normal text formatting (bold, underline, fonts, indentation, tables, links, ...)<\/li>\n<li>Comments<\/li>\n<li>Live Chat<\/li>\n<li>Print<\/li>\n<li>Import\/Export<\/li>\n<li>Revisions<\/li>\n<li>Sharing<\/li>\n<li>Multiple Languages<\/li>\n<li>Integrated schood Draw<br \/>\n<small>( a \"real\" blackboard on which you can \"paint\"\/write freely )<\/small><\/li>\n<li>a lot more...<\/li>\n<\/ul>\n\n\t\t<\/div>\n\t<\/div>\n<\/div><\/div><\/div><div class=\"wpb_column vc_column_container vc_col-sm-4 bg-tra\"><div class=\"vc_column-inner\"><div class=\"wpb_wrapper\">\r\n\t<div  class=\"wpb_single_image wpb_content_element vc_align_right   max-h65\">\r\n\t\t\r\n\t\t<figure class=\"wpb_wrapper vc_figure\">\r\n\t\t\t<div class=\"vc_single_image-wrapper   vc_box_border_grey\"><img decoding=\"async\" class=\"vc_single_image-img img-fluid\"  src=\"https:\/\/schood.net\/wp-content\/uploads\/2021\/07\/logo_schood_docs.png\" alt=\"Image\" \/><\/div>\r\n\t\t<\/figure>\r\n\t<\/div>\r\n\r\n\t<div  class=\"wpb_single_image wpb_content_element vc_align_right\">\r\n\t\t\r\n\t\t<figure class=\"wpb_wrapper vc_figure\">\r\n\t\t\t<div class=\"vc_single_image-wrapper vc_box_shadow  vc_box_border_grey\"><img decoding=\"async\" class=\"vc_single_image-img img-fluid\"  src=\"https:\/\/schood.net\/wp-content\/uploads\/2021\/07\/schood-docs.png\" alt=\"Image\" \/><\/div>\r\n\t\t<\/figure>\r\n\t<\/div>\r\n<\/div><\/div><\/div><\/div>","protected":false},"excerpt":{"rendered":"schood docs ist f\u00fcr Sch\u00fcler und Lehrer kostenfrei verf\u00fcgbar - die Institution muss kein Kunde bei schood sein. &nbsp; Mit schood docs k\u00f6nnen Sie live an Dokumenten arbeiten. D.h. schood docs ist eine umweltfreundliche und resourcen-schonende Tafel-Alternative - Sch\u00fcler sehen...","protected":false},"author":1,"featured_media":0,"parent":0,"menu_order":0,"comment_status":"closed","ping_status":"closed","template":"","meta":{"footnotes":""},"yoast_head":"<!-- This site is optimized with the Yoast SEO plugin v22.4 - https:\/\/yoast.com\/wordpress\/plugins\/seo\/ -->\n<title>schood docs - schood.net<\/title>\n<meta name=\"robots\" content=\"index, follow, max-snippet:-1, max-image-preview:large, max-video-preview:-1\" \/>\n<link rel=\"canonical\" href=\"https:\/\/schood.net\/en\/schood-docs\/\" \/>\n<meta property=\"og:locale\" content=\"en_US\" \/>\n<meta property=\"og:type\" content=\"article\" \/>\n<meta property=\"og:title\" content=\"schood docs - schood.net\" \/>\n<meta property=\"og:url\" content=\"https:\/\/schood.net\/en\/schood-docs\/\" \/>\n<meta property=\"og:site_name\" content=\"schood.net\" \/>\n<meta property=\"article:publisher\" content=\"https:\/\/www.facebook.com\/schood.net\" \/>\n<meta property=\"article:modified_time\" content=\"2021-07-15T08:28:39+00:00\" \/>\n<meta property=\"og:image\" content=\"https:\/\/schood.net\/wp-content\/uploads\/2020\/09\/facebook.png\" \/>\n\t<meta property=\"og:image:width\" content=\"1200\" \/>\n\t<meta property=\"og:image:height\" content=\"628\" \/>\n\t<meta property=\"og:image:type\" content=\"image\/png\" \/>\n<meta name=\"twitter:card\" content=\"summary_large_image\" \/>\n<meta name=\"twitter:site\" content=\"@schood_net\" \/>\n<meta name=\"twitter:label1\" content=\"Est. reading time\" \/>\n\t<meta name=\"twitter:data1\" content=\"1 minute\" \/>\n<script type=\"application\/ld+json\" class=\"yoast-schema-graph\">{\"@context\":\"https:\/\/schema.org\",\"@graph\":[{\"@type\":\"WebPage\",\"@id\":\"https:\/\/schood.net\/schood-docs\/\",\"url\":\"https:\/\/schood.net\/schood-docs\/\",\"name\":\"schood docs - schood.net\",\"isPartOf\":{\"@id\":\"https:\/\/schood.net\/#website\"},\"datePublished\":\"2021-07-02T15:40:09+00:00\",\"dateModified\":\"2021-07-15T08:28:39+00:00\",\"breadcrumb\":{\"@id\":\"https:\/\/schood.net\/schood-docs\/#breadcrumb\"},\"inLanguage\":\"en-US\",\"potentialAction\":[{\"@type\":\"ReadAction\",\"target\":[\"https:\/\/schood.net\/schood-docs\/\"]}]},{\"@type\":\"BreadcrumbList\",\"@id\":\"https:\/\/schood.net\/schood-docs\/#breadcrumb\",\"itemListElement\":[{\"@type\":\"ListItem\",\"position\":1,\"name\":\"Startseite\",\"item\":\"https:\/\/schood.net\/\"},{\"@type\":\"ListItem\",\"position\":2,\"name\":\"schood docs\"}]},{\"@type\":\"WebSite\",\"@id\":\"https:\/\/schood.net\/#website\",\"url\":\"https:\/\/schood.net\/\",\"name\":\"schood.net\",\"description\":\"Steck&#039; die Schule in Deine Hosentasche\",\"publisher\":{\"@id\":\"https:\/\/schood.net\/#organization\"},\"potentialAction\":[{\"@type\":\"SearchAction\",\"target\":{\"@type\":\"EntryPoint\",\"urlTemplate\":\"https:\/\/schood.net\/?s={search_term_string}\"},\"query-input\":\"required name=search_term_string\"}],\"inLanguage\":\"en-US\"},{\"@type\":\"Organization\",\"@id\":\"https:\/\/schood.net\/#organization\",\"name\":\"schood UG (haftungsbeschr\u00e4nkt)\",\"url\":\"https:\/\/schood.net\/\",\"logo\":{\"@type\":\"ImageObject\",\"inLanguage\":\"en-US\",\"@id\":\"https:\/\/schood.net\/#\/schema\/logo\/image\/\",\"url\":\"https:\/\/schood.net\/wp-content\/uploads\/2020\/09\/logo.png\",\"contentUrl\":\"https:\/\/schood.net\/wp-content\/uploads\/2020\/09\/logo.png\",\"width\":329,\"height\":100,\"caption\":\"schood UG (haftungsbeschr\u00e4nkt)\"},\"image\":{\"@id\":\"https:\/\/schood.net\/#\/schema\/logo\/image\/\"},\"sameAs\":[\"https:\/\/www.facebook.com\/schood.net\",\"https:\/\/twitter.com\/schood_net\"]}]}<\/script>\n<!-- \/ Yoast SEO plugin. -->","yoast_head_json":{"title":"schood docs - schood.net","robots":{"index":"index","follow":"follow","max-snippet":"max-snippet:-1","max-image-preview":"max-image-preview:large","max-video-preview":"max-video-preview:-1"},"canonical":"https:\/\/schood.net\/en\/schood-docs\/","og_locale":"en_US","og_type":"article","og_title":"schood docs - schood.net","og_url":"https:\/\/schood.net\/en\/schood-docs\/","og_site_name":"schood.net","article_publisher":"https:\/\/www.facebook.com\/schood.net","article_modified_time":"2021-07-15T08:28:39+00:00","og_image":[{"width":1200,"height":628,"url":"https:\/\/schood.net\/wp-content\/uploads\/2020\/09\/facebook.png","type":"image\/png"}],"twitter_card":"summary_large_image","twitter_site":"@schood_net","twitter_misc":{"Est. reading time":"1 minute"},"schema":{"@context":"https:\/\/schema.org","@graph":[{"@type":"WebPage","@id":"https:\/\/schood.net\/schood-docs\/","url":"https:\/\/schood.net\/schood-docs\/","name":"schood docs - schood.net","isPartOf":{"@id":"https:\/\/schood.net\/#website"},"datePublished":"2021-07-02T15:40:09+00:00","dateModified":"2021-07-15T08:28:39+00:00","breadcrumb":{"@id":"https:\/\/schood.net\/schood-docs\/#breadcrumb"},"inLanguage":"en-US","potentialAction":[{"@type":"ReadAction","target":["https:\/\/schood.net\/schood-docs\/"]}]},{"@type":"BreadcrumbList","@id":"https:\/\/schood.net\/schood-docs\/#breadcrumb","itemListElement":[{"@type":"ListItem","position":1,"name":"Startseite","item":"https:\/\/schood.net\/"},{"@type":"ListItem","position":2,"name":"schood docs"}]},{"@type":"WebSite","@id":"https:\/\/schood.net\/#website","url":"https:\/\/schood.net\/","name":"schood.net","description":"Steck&#039; die Schule in Deine Hosentasche","publisher":{"@id":"https:\/\/schood.net\/#organization"},"potentialAction":[{"@type":"SearchAction","target":{"@type":"EntryPoint","urlTemplate":"https:\/\/schood.net\/?s={search_term_string}"},"query-input":"required name=search_term_string"}],"inLanguage":"en-US"},{"@type":"Organization","@id":"https:\/\/schood.net\/#organization","name":"schood UG (haftungsbeschr\u00e4nkt)","url":"https:\/\/schood.net\/","logo":{"@type":"ImageObject","inLanguage":"en-US","@id":"https:\/\/schood.net\/#\/schema\/logo\/image\/","url":"https:\/\/schood.net\/wp-content\/uploads\/2020\/09\/logo.png","contentUrl":"https:\/\/schood.net\/wp-content\/uploads\/2020\/09\/logo.png","width":329,"height":100,"caption":"schood UG (haftungsbeschr\u00e4nkt)"},"image":{"@id":"https:\/\/schood.net\/#\/schema\/logo\/image\/"},"sameAs":["https:\/\/www.facebook.com\/schood.net","https:\/\/twitter.com\/schood_net"]}]}},"_links":{"self":[{"href":"https:\/\/schood.net\/en\/wp-json\/wp\/v2\/pages\/2905"}],"collection":[{"href":"https:\/\/schood.net\/en\/wp-json\/wp\/v2\/pages"}],"about":[{"href":"https:\/\/schood.net\/en\/wp-json\/wp\/v2\/types\/page"}],"author":[{"embeddable":true,"href":"https:\/\/schood.net\/en\/wp-json\/wp\/v2\/users\/1"}],"replies":[{"embeddable":true,"href":"https:\/\/schood.net\/en\/wp-json\/wp\/v2\/comments?post=2905"}],"version-history":[{"count":21,"href":"https:\/\/schood.net\/en\/wp-json\/wp\/v2\/pages\/2905\/revisions"}],"predecessor-version":[{"id":2909,"href":"https:\/\/schood.net\/en\/wp-json\/wp\/v2\/pages\/2905\/revisions\/2909"}],"wp:attachment":[{"href":"https:\/\/schood.net\/en\/wp-json\/wp\/v2\/media?parent=2905"}],"curies":[{"name":"wp","href":"https:\/\/api.w.org\/{rel}","templated":true}]}}