{"id":2802,"date":"2021-06-30T17:08:55","date_gmt":"2021-06-30T15:08:55","guid":{"rendered":"https:\/\/beta.schood.net\/?page_id=2802"},"modified":"2022-05-10T14:53:39","modified_gmt":"2022-05-10T12:53:39","slug":"kontakt","status":"publish","type":"page","link":"https:\/\/schood.net\/en\/kontakt\/","title":{"rendered":"Contact"},"content":{"rendered":"<div class=\"vc_row wpb_row vc_row-fluid pergo-default bg-tra\"><div class=\"wpb_column vc_column_container vc_col-sm-12 bg-tra\"><div class=\"vc_column-inner\"><div class=\"wpb_wrapper\">\n\t<div class=\"wpb_text_column wpb_content_element\" >\n\t\t<div class=\"wpb_wrapper\">\n\t\t\t<h2>Contact<\/h2>\n<p><span style=\"color: #ffffff;\">.<\/span><\/p>\n<h5 class=\" translation-block\">Take the first step and get to know <span style=\"color: #00abe9\">schood<\/span> in a personal chat. We would be happy to show you our software step by step and discuss together if and how <span style=\"color: #00abe9\">schood<\/span> can help your school \/ institution.<\/h5>\n\n\t\t<\/div>\n\t<\/div>\n<div class=\"vc_empty_space\"   style=\"height: 50px\"><span class=\"vc_empty_space_inner\"><\/span><\/div><\/div><\/div><\/div><\/div><div class=\"vc_row wpb_row vc_row-fluid pergo-default bg-tra\"><div class=\"wpb_column vc_column_container vc_col-sm-4 bg-tra\"><div class=\"vc_column-inner\"><div class=\"wpb_wrapper\"><!-- SERVICE BOX #1 -->\r\n<div class=\"sbox Default animated\">\r\n\t\t<div class=\"sbox-1 box-icon-md grey-icon\">\r\n\t\t<span class=\"flaticon flaticon-smartphone\"><\/span><!-- Icon -->\t\t<div class=\"sbox-1-txt\">\r\n\t\t\t\r\n\t\t\t<h5 class=\"h5-md\">Step 1<\/h5><!-- Title -->\r\n\t\t\t<p class=\"grey-color\">You fill out the form below and we will contact you as soon as possible (usually within 24h to 48h) for a personal chat. This is of course completely free of charge and without obligation.<\/p><!-- Sub Title -->\r\n\t\t\t\r\n\t\t<\/div><!-- Text -->\r\n\t<\/div>\r\n\t\t\r\n\r\n\t\r\n\t\t\r\n\r\n\t\t\t\t\t\t\t\r\n<\/div><\/div><\/div><\/div><div class=\"wpb_column vc_column_container vc_col-sm-4 bg-tra\"><div class=\"vc_column-inner\"><div class=\"wpb_wrapper\"><!-- SERVICE BOX #1 -->\r\n<div class=\"sbox Default animated\">\r\n\t\t<div class=\"sbox-1 box-icon-md grey-icon\">\r\n\t\t<span class=\"flaticon flaticon-user-3\"><\/span><!-- Icon -->\t\t<div class=\"sbox-1-txt\">\r\n\t\t\t\r\n\t\t\t<h5 class=\"h5-md\">Step 2<\/h5><!-- Title -->\r\n\t\t\t<p class=\"grey-color\">We get to know each other and find out together how schood can simplify your daily communication.<\/p><!-- Sub Title -->\r\n\t\t\t\r\n\t\t<\/div><!-- Text -->\r\n\t<\/div>\r\n\t\t\r\n\r\n\t\r\n\t\t\r\n\r\n\t\t\t\t\t\t\t\r\n<\/div><\/div><\/div><\/div><div class=\"wpb_column vc_column_container vc_col-sm-4 bg-tra\"><div class=\"vc_column-inner\"><div class=\"wpb_wrapper\"><!-- SERVICE BOX #1 -->\r\n<div class=\"sbox Default animated\">\r\n\t\t<div class=\"sbox-1 box-icon-md grey-icon\">\r\n\t\t<span class=\"flaticon flaticon-television-1\"><\/span><!-- Icon -->\t\t<div class=\"sbox-1-txt\">\r\n\t\t\t\r\n\t\t\t<h5 class=\"h5-md\">Step 3<\/h5><!-- Title -->\r\n\t\t\t<p class=\"grey-color\">We will be happy to show you our demo installation in parallel or set up a demo installation with your live data at a later date. Of course, this service is also free of charge.<\/p><!-- Sub Title -->\r\n\t\t\t\r\n\t\t<\/div><!-- Text -->\r\n\t<\/div>\r\n\t\t\r\n\r\n\t\r\n\t\t\r\n\r\n\t\t\t\t\t\t\t\r\n<\/div><\/div><\/div><\/div><\/div><div class=\"vc_row wpb_row vc_row-fluid pergo-default bg-tra\"><div class=\"wpb_column vc_column_container vc_col-sm-8 bg-tra\"><div class=\"vc_column-inner\"><div class=\"wpb_wrapper\">\n\t<div class=\"wpb_text_column wpb_content_element\" >\n\t\t<div class=\"wpb_wrapper\">\n\t\t\t<p><span style=\"color: #ff0000;\"><strong>Eine Anfrage ist aktuell nicht m\u00f6glich. Bitte versuchen Sie es sp\u00e4ter erneut.<\/strong><\/span><\/p>\n\n\t\t<\/div>\n\t<\/div>\n<\/div><\/div><\/div><div class=\"wpb_column vc_column_container vc_col-sm-4 bg-tra\"><div class=\"vc_column-inner\"><div class=\"wpb_wrapper\">\r\n\t<div  class=\"wpb_single_image wpb_content_element vc_align_left\">\r\n\t\t\r\n\t\t<figure class=\"wpb_wrapper vc_figure\">\r\n\t\t\t<div class=\"vc_single_image-wrapper   vc_box_border_grey\"><img decoding=\"async\" class=\"vc_single_image-img img-fluid\"  src=\"https:\/\/schood.net\/wp-content\/uploads\/2021\/07\/schood-app-home-3d.jpg\" alt=\"Image\" \/><\/div>\r\n\t\t<\/figure>\r\n\t<\/div>\r\n<\/div><\/div><\/div><\/div>","protected":false},"excerpt":{"rendered":"Kontakt . Wagen Sie den ersten Schritt und lernen Sie schood in einem pers\u00f6nlichen Gespr\u00e4ch kennen. Gerne zeigen wir Ihnen unsere Software Schritt f\u00fcr Schritt und er\u00f6rtern gemeinsam, ob und wie schood Ihrer Schule \/ Ihrer Einrichtung helfen kann. Schritt...","protected":false},"author":1,"featured_media":0,"parent":0,"menu_order":0,"comment_status":"closed","ping_status":"closed","template":"","meta":{"footnotes":""},"yoast_head":"<!-- This site is optimized with the Yoast SEO plugin v22.4 - https:\/\/yoast.com\/wordpress\/plugins\/seo\/ -->\n<title>Kontakt - schood.net<\/title>\n<meta name=\"robots\" content=\"index, follow, max-snippet:-1, max-image-preview:large, max-video-preview:-1\" \/>\n<link rel=\"canonical\" href=\"https:\/\/schood.net\/en\/kontakt\/\" \/>\n<meta property=\"og:locale\" content=\"en_US\" \/>\n<meta property=\"og:type\" content=\"article\" \/>\n<meta property=\"og:title\" content=\"Kontakt - schood.net\" \/>\n<meta property=\"og:url\" content=\"https:\/\/schood.net\/en\/kontakt\/\" \/>\n<meta property=\"og:site_name\" content=\"schood.net\" \/>\n<meta property=\"article:publisher\" content=\"https:\/\/www.facebook.com\/schood.net\" \/>\n<meta property=\"article:modified_time\" content=\"2022-05-10T12:53:39+00:00\" \/>\n<meta property=\"og:image\" content=\"https:\/\/schood.net\/wp-content\/uploads\/2020\/09\/facebook.png\" \/>\n\t<meta property=\"og:image:width\" content=\"1200\" \/>\n\t<meta property=\"og:image:height\" content=\"628\" \/>\n\t<meta property=\"og:image:type\" content=\"image\/png\" \/>\n<meta name=\"twitter:card\" content=\"summary_large_image\" \/>\n<meta name=\"twitter:site\" content=\"@schood_net\" \/>\n<meta name=\"twitter:label1\" content=\"Est. reading time\" \/>\n\t<meta name=\"twitter:data1\" content=\"1 minute\" \/>\n<script type=\"application\/ld+json\" class=\"yoast-schema-graph\">{\"@context\":\"https:\/\/schema.org\",\"@graph\":[{\"@type\":\"WebPage\",\"@id\":\"https:\/\/schood.net\/kontakt\/\",\"url\":\"https:\/\/schood.net\/kontakt\/\",\"name\":\"Kontakt - schood.net\",\"isPartOf\":{\"@id\":\"https:\/\/schood.net\/#website\"},\"datePublished\":\"2021-06-30T15:08:55+00:00\",\"dateModified\":\"2022-05-10T12:53:39+00:00\",\"breadcrumb\":{\"@id\":\"https:\/\/schood.net\/kontakt\/#breadcrumb\"},\"inLanguage\":\"en-US\",\"potentialAction\":[{\"@type\":\"ReadAction\",\"target\":[\"https:\/\/schood.net\/kontakt\/\"]}]},{\"@type\":\"BreadcrumbList\",\"@id\":\"https:\/\/schood.net\/kontakt\/#breadcrumb\",\"itemListElement\":[{\"@type\":\"ListItem\",\"position\":1,\"name\":\"Startseite\",\"item\":\"https:\/\/schood.net\/\"},{\"@type\":\"ListItem\",\"position\":2,\"name\":\"Kontakt\"}]},{\"@type\":\"WebSite\",\"@id\":\"https:\/\/schood.net\/#website\",\"url\":\"https:\/\/schood.net\/\",\"name\":\"schood.net\",\"description\":\"Steck&#039; die Schule in Deine Hosentasche\",\"publisher\":{\"@id\":\"https:\/\/schood.net\/#organization\"},\"potentialAction\":[{\"@type\":\"SearchAction\",\"target\":{\"@type\":\"EntryPoint\",\"urlTemplate\":\"https:\/\/schood.net\/?s={search_term_string}\"},\"query-input\":\"required name=search_term_string\"}],\"inLanguage\":\"en-US\"},{\"@type\":\"Organization\",\"@id\":\"https:\/\/schood.net\/#organization\",\"name\":\"schood UG (haftungsbeschr\u00e4nkt)\",\"url\":\"https:\/\/schood.net\/\",\"logo\":{\"@type\":\"ImageObject\",\"inLanguage\":\"en-US\",\"@id\":\"https:\/\/schood.net\/#\/schema\/logo\/image\/\",\"url\":\"https:\/\/schood.net\/wp-content\/uploads\/2020\/09\/logo.png\",\"contentUrl\":\"https:\/\/schood.net\/wp-content\/uploads\/2020\/09\/logo.png\",\"width\":329,\"height\":100,\"caption\":\"schood UG (haftungsbeschr\u00e4nkt)\"},\"image\":{\"@id\":\"https:\/\/schood.net\/#\/schema\/logo\/image\/\"},\"sameAs\":[\"https:\/\/www.facebook.com\/schood.net\",\"https:\/\/twitter.com\/schood_net\"]}]}<\/script>\n<!-- \/ Yoast SEO plugin. -->","yoast_head_json":{"title":"Kontakt - schood.net","robots":{"index":"index","follow":"follow","max-snippet":"max-snippet:-1","max-image-preview":"max-image-preview:large","max-video-preview":"max-video-preview:-1"},"canonical":"https:\/\/schood.net\/en\/kontakt\/","og_locale":"en_US","og_type":"article","og_title":"Kontakt - schood.net","og_url":"https:\/\/schood.net\/en\/kontakt\/","og_site_name":"schood.net","article_publisher":"https:\/\/www.facebook.com\/schood.net","article_modified_time":"2022-05-10T12:53:39+00:00","og_image":[{"width":1200,"height":628,"url":"https:\/\/schood.net\/wp-content\/uploads\/2020\/09\/facebook.png","type":"image\/png"}],"twitter_card":"summary_large_image","twitter_site":"@schood_net","twitter_misc":{"Est. reading time":"1 minute"},"schema":{"@context":"https:\/\/schema.org","@graph":[{"@type":"WebPage","@id":"https:\/\/schood.net\/kontakt\/","url":"https:\/\/schood.net\/kontakt\/","name":"Kontakt - schood.net","isPartOf":{"@id":"https:\/\/schood.net\/#website"},"datePublished":"2021-06-30T15:08:55+00:00","dateModified":"2022-05-10T12:53:39+00:00","breadcrumb":{"@id":"https:\/\/schood.net\/kontakt\/#breadcrumb"},"inLanguage":"en-US","potentialAction":[{"@type":"ReadAction","target":["https:\/\/schood.net\/kontakt\/"]}]},{"@type":"BreadcrumbList","@id":"https:\/\/schood.net\/kontakt\/#breadcrumb","itemListElement":[{"@type":"ListItem","position":1,"name":"Startseite","item":"https:\/\/schood.net\/"},{"@type":"ListItem","position":2,"name":"Kontakt"}]},{"@type":"WebSite","@id":"https:\/\/schood.net\/#website","url":"https:\/\/schood.net\/","name":"schood.net","description":"Steck&#039; die Schule in Deine Hosentasche","publisher":{"@id":"https:\/\/schood.net\/#organization"},"potentialAction":[{"@type":"SearchAction","target":{"@type":"EntryPoint","urlTemplate":"https:\/\/schood.net\/?s={search_term_string}"},"query-input":"required name=search_term_string"}],"inLanguage":"en-US"},{"@type":"Organization","@id":"https:\/\/schood.net\/#organization","name":"schood UG (haftungsbeschr\u00e4nkt)","url":"https:\/\/schood.net\/","logo":{"@type":"ImageObject","inLanguage":"en-US","@id":"https:\/\/schood.net\/#\/schema\/logo\/image\/","url":"https:\/\/schood.net\/wp-content\/uploads\/2020\/09\/logo.png","contentUrl":"https:\/\/schood.net\/wp-content\/uploads\/2020\/09\/logo.png","width":329,"height":100,"caption":"schood UG (haftungsbeschr\u00e4nkt)"},"image":{"@id":"https:\/\/schood.net\/#\/schema\/logo\/image\/"},"sameAs":["https:\/\/www.facebook.com\/schood.net","https:\/\/twitter.com\/schood_net"]}]}},"_links":{"self":[{"href":"https:\/\/schood.net\/en\/wp-json\/wp\/v2\/pages\/2802"}],"collection":[{"href":"https:\/\/schood.net\/en\/wp-json\/wp\/v2\/pages"}],"about":[{"href":"https:\/\/schood.net\/en\/wp-json\/wp\/v2\/types\/page"}],"author":[{"embeddable":true,"href":"https:\/\/schood.net\/en\/wp-json\/wp\/v2\/users\/1"}],"replies":[{"embeddable":true,"href":"https:\/\/schood.net\/en\/wp-json\/wp\/v2\/comments?post=2802"}],"version-history":[{"count":30,"href":"https:\/\/schood.net\/en\/wp-json\/wp\/v2\/pages\/2802\/revisions"}],"predecessor-version":[{"id":3447,"href":"https:\/\/schood.net\/en\/wp-json\/wp\/v2\/pages\/2802\/revisions\/3447"}],"wp:attachment":[{"href":"https:\/\/schood.net\/en\/wp-json\/wp\/v2\/media?parent=2802"}],"curies":[{"name":"wp","href":"https:\/\/api.w.org\/{rel}","templated":true}]}}