{"id":2697,"date":"2021-06-30T13:23:36","date_gmt":"2021-06-30T11:23:36","guid":{"rendered":"https:\/\/beta.schood.net\/?page_id=2697"},"modified":"2022-03-01T16:33:20","modified_gmt":"2022-03-01T15:33:20","slug":"mobile-app","status":"publish","type":"page","link":"https:\/\/schood.net\/en\/mobile-app\/","title":{"rendered":"schood Mobile App"},"content":{"rendered":"<div class=\"vc_row wpb_row vc_row-fluid pergo-default bg-tra\"><div class=\"wpb_column vc_column_container vc_col-sm-8 bg-tra\"><div class=\"vc_column-inner\"><div class=\"wpb_wrapper\">\n\t<div class=\"wpb_text_column wpb_content_element\" >\n\t\t<div class=\"wpb_wrapper\">\n\t\t\t<h2>The schood Mobile App<\/h2>\n<p>&nbsp;<\/p>\n<p class=\" translation-block\">The schood mobile app is available for all popular <strong>Android<\/strong> and <strong>Apple<\/strong> smartphones and can be downloaded free of charge from the corresponding store.<\/p>\n<p class=\" translation-block\">The <strong>schood<\/strong> mobile app can be used for both <strong>schood<\/strong> Pro and <strong>schood<\/strong> Basic (to a lesser extent).<\/p>\n<p class=\" translation-block\">The mobile app is currently only available for students and parents - <em>a mobile app for teachers will follow later this year (currently controlled via the web app)<\/em> - an iPad \/ tablet version will also follow later this year.<\/p>\n<p><strong>Functionality of the mobile app:<\/strong><\/p>\n<ul>\n<li>Timetable \/ substitution plan<\/li>\n<li>News<\/li>\n<li>Events\/Calendar<\/li>\n<li>Class book<\/li>\n<li>Notifications<\/li>\n<li>Messenger<\/li>\n<li>Sick Notice<\/li>\n<li>Parental letters<\/li>\n<li>important Numbers<\/li>\n<\/ul>\n<p>Further functions will be added with regular updates.<\/p>\n<p>The mobile app is currently available in the following languages:<\/p>\n<ul>\n<li>German<\/li>\n<li>English<\/li>\n<li>Spanish<\/li>\n<li>Turkish<\/li>\n<\/ul>\n<p class=\" translation-block\">Currently in work are the following <strong>additional languages<\/strong>: Portuguese, Italian and more...<\/p>\n\n\t\t<\/div>\n\t<\/div>\n<\/div><\/div><\/div><div class=\"wpb_column vc_column_container vc_col-sm-4 bg-tra\"><div class=\"vc_column-inner\"><div class=\"wpb_wrapper\">\r\n\t<div  class=\"wpb_single_image wpb_content_element vc_align_left\">\r\n\t\t\r\n\t\t<figure class=\"wpb_wrapper vc_figure\">\r\n\t\t\t<div class=\"vc_single_image-wrapper   vc_box_border_grey\"><img decoding=\"async\" class=\"vc_single_image-img img-fluid\"  src=\"https:\/\/schood.net\/wp-content\/uploads\/2021\/06\/mobile-app.jpg\" alt=\"Image\" \/><\/div>\r\n\t\t<\/figure>\r\n\t<\/div>\r\n<div class=\"vc_row wpb_row vc_inner vc_row-fluid bg-tra\"><div class=\"wpb_column vc_column_container vc_col-sm-12 bg-tra\"><div class=\"vc_column-inner\"><div class=\"wpb_wrapper\"><div class=\"vc_empty_space\"   style=\"height: 32px\"><span class=\"vc_empty_space_inner\"><\/span><\/div><\/div><\/div><\/div><\/div><div class=\"vc_row wpb_row vc_inner vc_row-fluid bg-tra\"><div class=\"wpb_column vc_column_container vc_col-sm-4 bg-tra\"><div class=\"vc_column-inner\"><div class=\"wpb_wrapper\">\r\n\t<div  class=\"wpb_single_image wpb_content_element vc_align_left\">\r\n\t\t\r\n\t\t<figure class=\"wpb_wrapper vc_figure\">\r\n\t\t\t<a href=\"https:\/\/schood.to\/ios-app\" target=\"_self\" class=\"vc_single_image-wrapper   vc_box_border_grey\"><img loading=\"lazy\" decoding=\"async\" class=\"vc_single_image-img img-fluid\" width=\"183\" height=\"140\"  src=\"https:\/\/schood.net\/wp-content\/uploads\/2021\/08\/qr-code-app-store.png\" alt=\"schood IOS App\" \/><\/a>\r\n\t\t<\/figure>\r\n\t<\/div>\r\n<\/div><\/div><\/div><div class=\"wpb_column vc_column_container vc_col-sm-4 bg-tra\"><div class=\"vc_column-inner\"><div class=\"wpb_wrapper\">\r\n\t<div  class=\"wpb_single_image wpb_content_element vc_align_right\">\r\n\t\t\r\n\t\t<figure class=\"wpb_wrapper vc_figure\">\r\n\t\t\t<a href=\"https:\/\/schood.to\/android-app\" target=\"_self\" class=\"vc_single_image-wrapper   vc_box_border_grey\"><img loading=\"lazy\" decoding=\"async\" class=\"vc_single_image-img img-fluid\" width=\"183\" height=\"140\"  src=\"https:\/\/schood.net\/wp-content\/uploads\/2021\/08\/qr-code-google-play.png\" alt=\"schood Android App\" \/><\/a>\r\n\t\t<\/figure>\r\n\t<\/div>\r\n<\/div><\/div><\/div><div class=\"wpb_column vc_column_container vc_col-sm-4 bg-tra\"><div class=\"vc_column-inner\"><div class=\"wpb_wrapper\">\r\n\t<div  class=\"wpb_single_image wpb_content_element vc_align_left\">\r\n\t\t\r\n\t\t<figure class=\"wpb_wrapper vc_figure\">\r\n\t\t\t<a href=\"https:\/\/schood.to\/huawei-app\" target=\"_self\" class=\"vc_single_image-wrapper   vc_box_border_grey\"><img loading=\"lazy\" decoding=\"async\" class=\"vc_single_image-img img-fluid\" width=\"183\" height=\"140\"  src=\"https:\/\/schood.net\/wp-content\/uploads\/2021\/08\/qr-code-huawei-appgallery.png\" alt=\"Huawei App Gallery\" \/><\/a>\r\n\t\t<\/figure>\r\n\t<\/div>\r\n<\/div><\/div><\/div><\/div><\/div><\/div><\/div><\/div><div class=\"vc_row wpb_row vc_row-fluid pergo-default bg-tra\"><div class=\"wpb_column vc_column_container vc_col-sm-12 bg-tra\"><div class=\"vc_column-inner\"><div class=\"wpb_wrapper\">\n\t<div class=\"wpb_text_column wpb_content_element\" >\n\t\t<div class=\"wpb_wrapper\">\n\t\t\t<h5>Haben Sie eine Frage oder m\u00f6chten weitere Informationen?<\/h5>\n<p><span style=\"color: #ffffff;\">.<\/span><\/p>\n<p style=\"text-align: center;\"><a class=\"schood-button\" title=\"Do not hesitate and write us\" href=\"https:\/\/schood.net\/en\/kontakt\/\">Do not hesitate and write us<\/a><\/p>\n\n\t\t<\/div>\n\t<\/div>\n<\/div><\/div><\/div><\/div>","protected":false},"excerpt":{"rendered":"Die schood Mobile App &nbsp; Die schood Mobile App ist f\u00fcr alle g\u00e4ngigen Android und Apple Smartphones verf\u00fcgbar und kann \u00fcber den entsprechenden Store kostenfrei heruntergeladen werden. Die schood Mobile App ist sowohl f\u00fcr schood Pro als auch f\u00fcr schood...","protected":false},"author":1,"featured_media":0,"parent":0,"menu_order":0,"comment_status":"closed","ping_status":"closed","template":"","meta":{"footnotes":""},"yoast_head":"<!-- This site is optimized with the Yoast SEO plugin v22.4 - https:\/\/yoast.com\/wordpress\/plugins\/seo\/ -->\n<title>schood Mobile App - schood.net %<\/title>\n<meta name=\"robots\" content=\"index, follow, max-snippet:-1, max-image-preview:large, max-video-preview:-1\" \/>\n<link rel=\"canonical\" href=\"https:\/\/schood.net\/en\/mobile-app\/\" \/>\n<meta property=\"og:locale\" content=\"en_US\" \/>\n<meta property=\"og:type\" content=\"article\" \/>\n<meta property=\"og:title\" content=\"schood Mobile App - schood.net %\" \/>\n<meta property=\"og:url\" content=\"https:\/\/schood.net\/en\/mobile-app\/\" \/>\n<meta property=\"og:site_name\" content=\"schood.net\" \/>\n<meta property=\"article:publisher\" content=\"https:\/\/www.facebook.com\/schood.net\" \/>\n<meta property=\"article:modified_time\" content=\"2022-03-01T15:33:20+00:00\" \/>\n<meta property=\"og:image\" content=\"https:\/\/schood.net\/wp-content\/uploads\/2020\/09\/facebook.png\" \/>\n\t<meta property=\"og:image:width\" content=\"1200\" \/>\n\t<meta property=\"og:image:height\" content=\"628\" \/>\n\t<meta property=\"og:image:type\" content=\"image\/png\" \/>\n<meta name=\"twitter:card\" content=\"summary_large_image\" \/>\n<meta name=\"twitter:site\" content=\"@schood_net\" \/>\n<meta name=\"twitter:label1\" content=\"Est. reading time\" \/>\n\t<meta name=\"twitter:data1\" content=\"1 minute\" \/>\n<script type=\"application\/ld+json\" class=\"yoast-schema-graph\">{\"@context\":\"https:\/\/schema.org\",\"@graph\":[{\"@type\":\"WebPage\",\"@id\":\"https:\/\/schood.net\/mobile-app\/\",\"url\":\"https:\/\/schood.net\/mobile-app\/\",\"name\":\"schood Mobile App - schood.net %\",\"isPartOf\":{\"@id\":\"https:\/\/schood.net\/#website\"},\"datePublished\":\"2021-06-30T11:23:36+00:00\",\"dateModified\":\"2022-03-01T15:33:20+00:00\",\"breadcrumb\":{\"@id\":\"https:\/\/schood.net\/mobile-app\/#breadcrumb\"},\"inLanguage\":\"en-US\",\"potentialAction\":[{\"@type\":\"ReadAction\",\"target\":[\"https:\/\/schood.net\/mobile-app\/\"]}]},{\"@type\":\"BreadcrumbList\",\"@id\":\"https:\/\/schood.net\/mobile-app\/#breadcrumb\",\"itemListElement\":[{\"@type\":\"ListItem\",\"position\":1,\"name\":\"Startseite\",\"item\":\"https:\/\/schood.net\/\"},{\"@type\":\"ListItem\",\"position\":2,\"name\":\"schood Mobile App\"}]},{\"@type\":\"WebSite\",\"@id\":\"https:\/\/schood.net\/#website\",\"url\":\"https:\/\/schood.net\/\",\"name\":\"schood.net\",\"description\":\"Steck&#039; die Schule in Deine Hosentasche\",\"publisher\":{\"@id\":\"https:\/\/schood.net\/#organization\"},\"potentialAction\":[{\"@type\":\"SearchAction\",\"target\":{\"@type\":\"EntryPoint\",\"urlTemplate\":\"https:\/\/schood.net\/?s={search_term_string}\"},\"query-input\":\"required name=search_term_string\"}],\"inLanguage\":\"en-US\"},{\"@type\":\"Organization\",\"@id\":\"https:\/\/schood.net\/#organization\",\"name\":\"schood UG (haftungsbeschr\u00e4nkt)\",\"url\":\"https:\/\/schood.net\/\",\"logo\":{\"@type\":\"ImageObject\",\"inLanguage\":\"en-US\",\"@id\":\"https:\/\/schood.net\/#\/schema\/logo\/image\/\",\"url\":\"https:\/\/schood.net\/wp-content\/uploads\/2020\/09\/logo.png\",\"contentUrl\":\"https:\/\/schood.net\/wp-content\/uploads\/2020\/09\/logo.png\",\"width\":329,\"height\":100,\"caption\":\"schood UG (haftungsbeschr\u00e4nkt)\"},\"image\":{\"@id\":\"https:\/\/schood.net\/#\/schema\/logo\/image\/\"},\"sameAs\":[\"https:\/\/www.facebook.com\/schood.net\",\"https:\/\/twitter.com\/schood_net\"]}]}<\/script>\n<!-- \/ Yoast SEO plugin. -->","yoast_head_json":{"title":"schood Mobile App - schood.net %","robots":{"index":"index","follow":"follow","max-snippet":"max-snippet:-1","max-image-preview":"max-image-preview:large","max-video-preview":"max-video-preview:-1"},"canonical":"https:\/\/schood.net\/en\/mobile-app\/","og_locale":"en_US","og_type":"article","og_title":"schood Mobile App - schood.net %","og_url":"https:\/\/schood.net\/en\/mobile-app\/","og_site_name":"schood.net","article_publisher":"https:\/\/www.facebook.com\/schood.net","article_modified_time":"2022-03-01T15:33:20+00:00","og_image":[{"width":1200,"height":628,"url":"https:\/\/schood.net\/wp-content\/uploads\/2020\/09\/facebook.png","type":"image\/png"}],"twitter_card":"summary_large_image","twitter_site":"@schood_net","twitter_misc":{"Est. reading time":"1 minute"},"schema":{"@context":"https:\/\/schema.org","@graph":[{"@type":"WebPage","@id":"https:\/\/schood.net\/mobile-app\/","url":"https:\/\/schood.net\/mobile-app\/","name":"schood Mobile App - schood.net %","isPartOf":{"@id":"https:\/\/schood.net\/#website"},"datePublished":"2021-06-30T11:23:36+00:00","dateModified":"2022-03-01T15:33:20+00:00","breadcrumb":{"@id":"https:\/\/schood.net\/mobile-app\/#breadcrumb"},"inLanguage":"en-US","potentialAction":[{"@type":"ReadAction","target":["https:\/\/schood.net\/mobile-app\/"]}]},{"@type":"BreadcrumbList","@id":"https:\/\/schood.net\/mobile-app\/#breadcrumb","itemListElement":[{"@type":"ListItem","position":1,"name":"Startseite","item":"https:\/\/schood.net\/"},{"@type":"ListItem","position":2,"name":"schood Mobile App"}]},{"@type":"WebSite","@id":"https:\/\/schood.net\/#website","url":"https:\/\/schood.net\/","name":"schood.net","description":"Steck&#039; die Schule in Deine Hosentasche","publisher":{"@id":"https:\/\/schood.net\/#organization"},"potentialAction":[{"@type":"SearchAction","target":{"@type":"EntryPoint","urlTemplate":"https:\/\/schood.net\/?s={search_term_string}"},"query-input":"required name=search_term_string"}],"inLanguage":"en-US"},{"@type":"Organization","@id":"https:\/\/schood.net\/#organization","name":"schood UG (haftungsbeschr\u00e4nkt)","url":"https:\/\/schood.net\/","logo":{"@type":"ImageObject","inLanguage":"en-US","@id":"https:\/\/schood.net\/#\/schema\/logo\/image\/","url":"https:\/\/schood.net\/wp-content\/uploads\/2020\/09\/logo.png","contentUrl":"https:\/\/schood.net\/wp-content\/uploads\/2020\/09\/logo.png","width":329,"height":100,"caption":"schood UG (haftungsbeschr\u00e4nkt)"},"image":{"@id":"https:\/\/schood.net\/#\/schema\/logo\/image\/"},"sameAs":["https:\/\/www.facebook.com\/schood.net","https:\/\/twitter.com\/schood_net"]}]}},"_links":{"self":[{"href":"https:\/\/schood.net\/en\/wp-json\/wp\/v2\/pages\/2697"}],"collection":[{"href":"https:\/\/schood.net\/en\/wp-json\/wp\/v2\/pages"}],"about":[{"href":"https:\/\/schood.net\/en\/wp-json\/wp\/v2\/types\/page"}],"author":[{"embeddable":true,"href":"https:\/\/schood.net\/en\/wp-json\/wp\/v2\/users\/1"}],"replies":[{"embeddable":true,"href":"https:\/\/schood.net\/en\/wp-json\/wp\/v2\/comments?post=2697"}],"version-history":[{"count":28,"href":"https:\/\/schood.net\/en\/wp-json\/wp\/v2\/pages\/2697\/revisions"}],"predecessor-version":[{"id":3434,"href":"https:\/\/schood.net\/en\/wp-json\/wp\/v2\/pages\/2697\/revisions\/3434"}],"wp:attachment":[{"href":"https:\/\/schood.net\/en\/wp-json\/wp\/v2\/media?parent=2697"}],"curies":[{"name":"wp","href":"https:\/\/api.w.org\/{rel}","templated":true}]}}