{"id":2552,"date":"2021-06-29T10:10:57","date_gmt":"2021-06-29T10:10:57","guid":{"rendered":"https:\/\/beta.schood.net\/?page_id=2552"},"modified":"2022-05-10T14:54:21","modified_gmt":"2022-05-10T12:54:21","slug":"testzugang","status":"publish","type":"page","link":"https:\/\/schood.net\/en\/testzugang\/","title":{"rendered":"Trial access"},"content":{"rendered":"<div class=\"vc_row wpb_row vc_row-fluid pergo-default bg-tra\"><div class=\"wpb_column vc_column_container vc_col-sm-8 bg-tra\"><div class=\"vc_column-inner\"><div class=\"wpb_wrapper\">\n\t<div class=\"wpb_text_column wpb_content_element\" >\n\t\t<div class=\"wpb_wrapper\">\n\t\t\t<h2>Trial access<\/h2>\n<p><span style=\"color: #ffffff;\">.<\/span><\/p>\n<p class=\" translation-block\">Have we aroused your interest? Would you like to take a closer look at <strong style=\"color: #00abe9\">schood<\/strong>? No problem - please fill out the form below and we will contact you as soon as possible regarding a <strong>free trial access with demo data<\/strong>.<\/p>\n\n\t\t<\/div>\n\t<\/div>\n\n\t<div class=\"wpb_text_column wpb_content_element\" >\n\t\t<div class=\"wpb_wrapper\">\n\t\t\t<p><span style=\"color: #ff0000;\"><strong>Eine Anfrage ist aktuell nicht m\u00f6glich. Bitte versuchen Sie es sp\u00e4ter erneut.<\/strong><\/span><\/p>\n\n\t\t<\/div>\n\t<\/div>\n<\/div><\/div><\/div><div class=\"wpb_column vc_column_container vc_col-sm-4 bg-tra\"><div class=\"vc_column-inner\"><div class=\"wpb_wrapper\">\r\n\t<div  class=\"wpb_single_image wpb_content_element vc_align_left\">\r\n\t\t\r\n\t\t<figure class=\"wpb_wrapper vc_figure\">\r\n\t\t\t<div class=\"vc_single_image-wrapper   vc_box_border_grey\"><img decoding=\"async\" class=\"vc_single_image-img img-fluid\"  src=\"https:\/\/schood.net\/wp-content\/uploads\/2021\/06\/schood-su2-timetable.jpg\" alt=\"Image\" \/><\/div>\r\n\t\t<\/figure>\r\n\t<\/div>\r\n<\/div><\/div><\/div><\/div>","protected":false},"excerpt":{"rendered":"Testzugang . Haben wir Ihr Interesse geweckt? M\u00f6chten Sie sich schood gerne mal aus der N\u00e4he anschauen? Kein Problem - bitte f\u00fcllen Sie nachstehendes Formular aus und wir setzen uns schnellstm\u00f6glich bez\u00fcglich eines kostenlosen Testzugangs mit Demodaten mit Ihnen in...","protected":false},"author":1,"featured_media":0,"parent":0,"menu_order":0,"comment_status":"closed","ping_status":"closed","template":"","meta":{"footnotes":""},"yoast_head":"<!-- This site is optimized with the Yoast SEO plugin v22.4 - https:\/\/yoast.com\/wordpress\/plugins\/seo\/ -->\n<title>Testzugang - schood.net<\/title>\n<meta name=\"robots\" content=\"index, follow, max-snippet:-1, max-image-preview:large, max-video-preview:-1\" \/>\n<link rel=\"canonical\" href=\"https:\/\/schood.net\/en\/testzugang\/\" \/>\n<meta property=\"og:locale\" content=\"en_US\" \/>\n<meta property=\"og:type\" content=\"article\" \/>\n<meta property=\"og:title\" content=\"Testzugang - schood.net\" \/>\n<meta property=\"og:url\" content=\"https:\/\/schood.net\/en\/testzugang\/\" \/>\n<meta property=\"og:site_name\" content=\"schood.net\" \/>\n<meta property=\"article:publisher\" content=\"https:\/\/www.facebook.com\/schood.net\" \/>\n<meta property=\"article:modified_time\" content=\"2022-05-10T12:54:21+00:00\" \/>\n<meta property=\"og:image\" content=\"https:\/\/schood.net\/wp-content\/uploads\/2020\/09\/facebook.png\" \/>\n\t<meta property=\"og:image:width\" content=\"1200\" \/>\n\t<meta property=\"og:image:height\" content=\"628\" \/>\n\t<meta property=\"og:image:type\" content=\"image\/png\" \/>\n<meta name=\"twitter:card\" content=\"summary_large_image\" \/>\n<meta name=\"twitter:site\" content=\"@schood_net\" \/>\n<script type=\"application\/ld+json\" class=\"yoast-schema-graph\">{\"@context\":\"https:\/\/schema.org\",\"@graph\":[{\"@type\":\"WebPage\",\"@id\":\"https:\/\/schood.net\/testzugang\/\",\"url\":\"https:\/\/schood.net\/testzugang\/\",\"name\":\"Testzugang - schood.net\",\"isPartOf\":{\"@id\":\"https:\/\/schood.net\/#website\"},\"datePublished\":\"2021-06-29T10:10:57+00:00\",\"dateModified\":\"2022-05-10T12:54:21+00:00\",\"breadcrumb\":{\"@id\":\"https:\/\/schood.net\/testzugang\/#breadcrumb\"},\"inLanguage\":\"en-US\",\"potentialAction\":[{\"@type\":\"ReadAction\",\"target\":[\"https:\/\/schood.net\/testzugang\/\"]}]},{\"@type\":\"BreadcrumbList\",\"@id\":\"https:\/\/schood.net\/testzugang\/#breadcrumb\",\"itemListElement\":[{\"@type\":\"ListItem\",\"position\":1,\"name\":\"Startseite\",\"item\":\"https:\/\/schood.net\/\"},{\"@type\":\"ListItem\",\"position\":2,\"name\":\"Testzugang\"}]},{\"@type\":\"WebSite\",\"@id\":\"https:\/\/schood.net\/#website\",\"url\":\"https:\/\/schood.net\/\",\"name\":\"schood.net\",\"description\":\"Steck&#039; die Schule in Deine Hosentasche\",\"publisher\":{\"@id\":\"https:\/\/schood.net\/#organization\"},\"potentialAction\":[{\"@type\":\"SearchAction\",\"target\":{\"@type\":\"EntryPoint\",\"urlTemplate\":\"https:\/\/schood.net\/?s={search_term_string}\"},\"query-input\":\"required name=search_term_string\"}],\"inLanguage\":\"en-US\"},{\"@type\":\"Organization\",\"@id\":\"https:\/\/schood.net\/#organization\",\"name\":\"schood UG (haftungsbeschr\u00e4nkt)\",\"url\":\"https:\/\/schood.net\/\",\"logo\":{\"@type\":\"ImageObject\",\"inLanguage\":\"en-US\",\"@id\":\"https:\/\/schood.net\/#\/schema\/logo\/image\/\",\"url\":\"https:\/\/schood.net\/wp-content\/uploads\/2020\/09\/logo.png\",\"contentUrl\":\"https:\/\/schood.net\/wp-content\/uploads\/2020\/09\/logo.png\",\"width\":329,\"height\":100,\"caption\":\"schood UG (haftungsbeschr\u00e4nkt)\"},\"image\":{\"@id\":\"https:\/\/schood.net\/#\/schema\/logo\/image\/\"},\"sameAs\":[\"https:\/\/www.facebook.com\/schood.net\",\"https:\/\/twitter.com\/schood_net\"]}]}<\/script>\n<!-- \/ Yoast SEO plugin. -->","yoast_head_json":{"title":"Testzugang - schood.net","robots":{"index":"index","follow":"follow","max-snippet":"max-snippet:-1","max-image-preview":"max-image-preview:large","max-video-preview":"max-video-preview:-1"},"canonical":"https:\/\/schood.net\/en\/testzugang\/","og_locale":"en_US","og_type":"article","og_title":"Testzugang - schood.net","og_url":"https:\/\/schood.net\/en\/testzugang\/","og_site_name":"schood.net","article_publisher":"https:\/\/www.facebook.com\/schood.net","article_modified_time":"2022-05-10T12:54:21+00:00","og_image":[{"width":1200,"height":628,"url":"https:\/\/schood.net\/wp-content\/uploads\/2020\/09\/facebook.png","type":"image\/png"}],"twitter_card":"summary_large_image","twitter_site":"@schood_net","schema":{"@context":"https:\/\/schema.org","@graph":[{"@type":"WebPage","@id":"https:\/\/schood.net\/testzugang\/","url":"https:\/\/schood.net\/testzugang\/","name":"Testzugang - schood.net","isPartOf":{"@id":"https:\/\/schood.net\/#website"},"datePublished":"2021-06-29T10:10:57+00:00","dateModified":"2022-05-10T12:54:21+00:00","breadcrumb":{"@id":"https:\/\/schood.net\/testzugang\/#breadcrumb"},"inLanguage":"en-US","potentialAction":[{"@type":"ReadAction","target":["https:\/\/schood.net\/testzugang\/"]}]},{"@type":"BreadcrumbList","@id":"https:\/\/schood.net\/testzugang\/#breadcrumb","itemListElement":[{"@type":"ListItem","position":1,"name":"Startseite","item":"https:\/\/schood.net\/"},{"@type":"ListItem","position":2,"name":"Testzugang"}]},{"@type":"WebSite","@id":"https:\/\/schood.net\/#website","url":"https:\/\/schood.net\/","name":"schood.net","description":"Steck&#039; die Schule in Deine Hosentasche","publisher":{"@id":"https:\/\/schood.net\/#organization"},"potentialAction":[{"@type":"SearchAction","target":{"@type":"EntryPoint","urlTemplate":"https:\/\/schood.net\/?s={search_term_string}"},"query-input":"required name=search_term_string"}],"inLanguage":"en-US"},{"@type":"Organization","@id":"https:\/\/schood.net\/#organization","name":"schood UG (haftungsbeschr\u00e4nkt)","url":"https:\/\/schood.net\/","logo":{"@type":"ImageObject","inLanguage":"en-US","@id":"https:\/\/schood.net\/#\/schema\/logo\/image\/","url":"https:\/\/schood.net\/wp-content\/uploads\/2020\/09\/logo.png","contentUrl":"https:\/\/schood.net\/wp-content\/uploads\/2020\/09\/logo.png","width":329,"height":100,"caption":"schood UG (haftungsbeschr\u00e4nkt)"},"image":{"@id":"https:\/\/schood.net\/#\/schema\/logo\/image\/"},"sameAs":["https:\/\/www.facebook.com\/schood.net","https:\/\/twitter.com\/schood_net"]}]}},"_links":{"self":[{"href":"https:\/\/schood.net\/en\/wp-json\/wp\/v2\/pages\/2552"}],"collection":[{"href":"https:\/\/schood.net\/en\/wp-json\/wp\/v2\/pages"}],"about":[{"href":"https:\/\/schood.net\/en\/wp-json\/wp\/v2\/types\/page"}],"author":[{"embeddable":true,"href":"https:\/\/schood.net\/en\/wp-json\/wp\/v2\/users\/1"}],"replies":[{"embeddable":true,"href":"https:\/\/schood.net\/en\/wp-json\/wp\/v2\/comments?post=2552"}],"version-history":[{"count":14,"href":"https:\/\/schood.net\/en\/wp-json\/wp\/v2\/pages\/2552\/revisions"}],"predecessor-version":[{"id":3448,"href":"https:\/\/schood.net\/en\/wp-json\/wp\/v2\/pages\/2552\/revisions\/3448"}],"wp:attachment":[{"href":"https:\/\/schood.net\/en\/wp-json\/wp\/v2\/media?parent=2552"}],"curies":[{"name":"wp","href":"https:\/\/api.w.org\/{rel}","templated":true}]}}